{"id":2972,"date":"2019-09-16T09:04:18","date_gmt":"2019-09-16T09:04:18","guid":{"rendered":"http:\/\/192.168.0.110\/songbad\/?page_id=2972"},"modified":"2021-06-11T07:50:44","modified_gmt":"2021-06-11T05:50:44","slug":"blog-vito-team","status":"publish","type":"page","link":"https:\/\/vitoteam.pl\/","title":{"rendered":"Blog Vito&#038;Bella"},"content":{"rendered":"<p>[vc_row full_width=&#8221;stretch_row_content&#8221; el_class=&#8221;home3-top home-alter ipad-fullwidth&#8221;][vc_column css=&#8221;.vc_custom_1577169910068{padding-top: 0px !important;padding-bottom: 0px !important;}&#8221; el_class=&#8221;ipadc-plr15 ipade-col2&#8243;][vc_raw_html]JTVCcmV2X3NsaWRlciUyMGFsaWFzJTNEJTIyc2xpZGVyLTElMjIlNUQlNUIlMkZyZXZfc2xpZGVyJTVE[\/vc_raw_html][\/vc_column][\/vc_row][vc_row full_width=&#8221;stretch_row&#8221; css=&#8221;.vc_custom_1589962997269{padding-top: 15px !important;padding-bottom: 30px !important;}&#8221; el_class=&#8221;ipad-fullwidth&#8221;][vc_column][vc_column_text css=&#8221;.vc_custom_1592382547267{padding-bottom: 15px !important;}&#8221;]<\/p>\n<h2><u style=\"color: #f5eb00;\"><span style=\"color: #7e8bec;\">Nowo\u015bci na blogu<\/span><\/u><\/h2>\n<p>[\/vc_column_text][vc_basic_grid post_type=&#8221;post&#8221; max_items=&#8221;6&#8243; style=&#8221;load-more&#8221; items_per_page=&#8221;6&#8243; orderby=&#8221;title&#8221; order=&#8221;ASC&#8221; initial_loading_animation=&#8221;none&#8221; grid_id=&#8221;vc_gid:1623390498767-fb32a8befbaac0da56c48b40bf2ef392-8&#8243;][\/vc_column][\/vc_row][vc_row full_width=&#8221;stretch_row&#8221; css=&#8221;.vc_custom_1589934306687{padding-top: 0px !important;padding-bottom: 0px !important;}&#8221; el_class=&#8221;ipad-fullwidth&#8221;][vc_column width=&#8221;2\/3&#8243;][vc_column_text]<\/p>\n<h2><u style=\"color: #f5eb00;\"><span style=\"color: #7e8bec;\">Co s\u0142ycha\u0107?<\/span><\/u><\/h2>\n<p>[\/vc_column_text]<div class=\"rs-advertisement center border-style   vc_custom_1597843671132\"><div class=\"add-image\"><a href=\"http:\/\/vitorun.pl\/\"> <img src=\"https:\/\/vitoteam.pl\/wp-content\/uploads\/2020\/05\/baner-z-telefonem.png\" alt=\"\"> <\/a><\/div><\/div>[\/vc_column][vc_column width=&#8221;1\/3&#8243;][vc_column_text]<\/p>\n<h2><u style=\"color: #f5eb00;\"><span style=\"color: #7e8bec;\">Popularne artyku\u0142y<\/span><\/u><\/h2>\n<p>[\/vc_column_text]<div  class=\"most-views-post popular-news style2 \"><div class=\"recent-widget popular-widget\"> <ul class=\"recent-popular-widget\">\r\n\t\t\t\t\t<li class=\"blog-poular  show-featured \" style=\"border-color:rgba(255,255,255,0.01)\">\r\n\t\t\t\t\t\t<div class=\"post-img\"><a href=\"https:\/\/vitoteam.pl\/index.php\/2020\/06\/18\/kim-sa-vito-i-bella\/\"><img width=\"600\" height=\"400\" src=\"https:\/\/vitoteam.pl\/wp-content\/uploads\/2020\/06\/maxresdefault-1.jpg\" class=\"attachment-darpan_blog_slider_image size-darpan_blog_slider_image wp-post-image\" alt=\"\" loading=\"lazy\" \/><\/a><\/div>\r\n\t\t\t\t\t\t<div class=\"post-item\">\r\n\t\t\t\t\t\t\t<div class=\"post-desc\">\r\n\t\t\t\t\t\t\t\t\r\n\t\t\t\t\t\t\t\t<span class=\"date-post\" style=\"color:\">\r\n\t\t\t\t\t\t<i class=\"fa fa-calendar-check-o\" aria-hidden=\"true\"><\/i>18 czerwca 2020\r\n\t\t\t\t\t\t<span><i class=\"fa fa-user-o\" aria-hidden=\"true\"><\/i>admin<\/span>\r\n\t\t\t\t\t\t<\/span>\r\n\t\t\t\t\t\t\t\t<h3 class=\"blog-title\"><a style=\"font-size: 16px;line-height: 20px; color:#111\" href=\"https:\/\/vitoteam.pl\/index.php\/2020\/06\/18\/kim-sa-vito-i-bella\/\"> Kim s\u0105 Vito i Bella? <\/a><\/h3>\t\r\n\t\t\t\t\t\t\t\t\r\n\t\t\t\t\t\t\t<\/div>\r\n\t\t\t\t\t\t<\/div>\t\t\t\t\t\t\r\n\t\t\t\t  \t<\/li>\r\n\t\t\t\t\t<li class=\"blog-poular  show-featured \" style=\"border-color:rgba(255,255,255,0.01)\">\r\n\t\t\t\t\t\t<div class=\"post-img\"><a href=\"https:\/\/vitoteam.pl\/index.php\/2021\/05\/03\/czy-dziecko-moze-poruszac-sie-po-sciezce-rowerowej\/\"><img width=\"600\" height=\"400\" src=\"https:\/\/vitoteam.pl\/wp-content\/uploads\/2021\/05\/rower-artykul-600x400.jpg\" class=\"attachment-darpan_blog_slider_image size-darpan_blog_slider_image wp-post-image\" alt=\"\" loading=\"lazy\" \/><\/a><\/div>\r\n\t\t\t\t\t\t<div class=\"post-item\">\r\n\t\t\t\t\t\t\t<div class=\"post-desc\">\r\n\t\t\t\t\t\t\t\t\r\n\t\t\t\t\t\t\t\t<span class=\"date-post\" style=\"color:\">\r\n\t\t\t\t\t\t<i class=\"fa fa-calendar-check-o\" aria-hidden=\"true\"><\/i>3 maja 2021\r\n\t\t\t\t\t\t<span><i class=\"fa fa-user-o\" aria-hidden=\"true\"><\/i>redakcja<\/span>\r\n\t\t\t\t\t\t<\/span>\r\n\t\t\t\t\t\t\t\t<h3 class=\"blog-title\"><a style=\"font-size: 16px;line-height: 20px; color:#111\" href=\"https:\/\/vitoteam.pl\/index.php\/2021\/05\/03\/czy-dziecko-moze-poruszac-sie-po-sciezce-rowerowej\/\"> Czy dziecko mo\u017ce porusza\u0107 si\u0119 po \u015bcie\u017cce rowerowej? <\/a><\/h3>\t\r\n\t\t\t\t\t\t\t\t\r\n\t\t\t\t\t\t\t<\/div>\r\n\t\t\t\t\t\t<\/div>\t\t\t\t\t\t\r\n\t\t\t\t  \t<\/li>\r\n\t\t\t\t\t<li class=\"blog-poular  show-featured \" style=\"border-color:rgba(255,255,255,0.01)\">\r\n\t\t\t\t\t\t<div class=\"post-img\"><a href=\"https:\/\/vitoteam.pl\/index.php\/2020\/05\/25\/wywiad-z-vito-i-bella-nie-czujemy-sie-gwiazdami\/\"><img width=\"589\" height=\"400\" src=\"https:\/\/vitoteam.pl\/wp-content\/uploads\/2020\/05\/1-589x400.jpg\" class=\"attachment-darpan_blog_slider_image size-darpan_blog_slider_image wp-post-image\" alt=\"\" loading=\"lazy\" \/><\/a><\/div>\r\n\t\t\t\t\t\t<div class=\"post-item\">\r\n\t\t\t\t\t\t\t<div class=\"post-desc\">\r\n\t\t\t\t\t\t\t\t\r\n\t\t\t\t\t\t\t\t<span class=\"date-post\" style=\"color:\">\r\n\t\t\t\t\t\t<i class=\"fa fa-calendar-check-o\" aria-hidden=\"true\"><\/i>25 maja 2020\r\n\t\t\t\t\t\t<span><i class=\"fa fa-user-o\" aria-hidden=\"true\"><\/i>admin<\/span>\r\n\t\t\t\t\t\t<\/span>\r\n\t\t\t\t\t\t\t\t<h3 class=\"blog-title\"><a style=\"font-size: 16px;line-height: 20px; color:#111\" href=\"https:\/\/vitoteam.pl\/index.php\/2020\/05\/25\/wywiad-z-vito-i-bella-nie-czujemy-sie-gwiazdami\/\"> WYWIAD Z VITO I BELL\u0104: &#8220;NIE CZUJEMY SI\u0118 GWIAZDAMI!&#8221; <\/a><\/h3>\t\r\n\t\t\t\t\t\t\t\t\r\n\t\t\t\t\t\t\t<\/div>\r\n\t\t\t\t\t\t<\/div>\t\t\t\t\t\t\r\n\t\t\t\t  \t<\/li><\/ul><\/div><\/div>[\/vc_column][\/vc_row][vc_row][vc_column][vc_separator color=&#8221;custom&#8221;][vc_column_text]<\/p>\n<h2><u style=\"color: #f5eb00;\"><span style=\"color: #7e8bec;\">Odwied\u017a r\u00f3wnie\u017c<\/span><\/u><\/h2>\n<p>[\/vc_column_text][vc_raw_html]JTVCcmV2X3NsaWRlciUyMGFsaWFzJTNEJTIyc2xpZGVyLTIlMjIlNUQlNUIlMkZyZXZfc2xpZGVyJTVE[\/vc_raw_html][\/vc_column][\/vc_row]<\/p>\n","protected":false},"excerpt":{"rendered":"<p>[vc_row full_width=&#8221;stretch_row_content&#8221; el_class=&#8221;home3-top home-alter ipad-fullwidth&#8221;][vc_column css=&#8221;.vc_custom_1577169910068{padding-top: 0px !important;padding-bottom: 0px !important;}&#8221; el_class=&#8221;ipadc-plr15 ipade-col2&#8243;][vc_raw_html]JTVCcmV2X3NsaWRlciUyMGFsaWFzJTNEJTIyc2xpZGVyLTElMjIlNUQlNUIlMkZyZXZfc2xpZGVyJTVE[\/vc_raw_html][\/vc_column][\/vc_row][vc_row full_width=&#8221;stretch_row&#8221; css=&#8221;.vc_custom_1589962997269{padding-top: 15px !important;padding-bottom: 30px !important;}&#8221; el_class=&#8221;ipad-fullwidth&#8221;][vc_column][vc_column_text css=&#8221;.vc_custom_1592382547267{padding-bottom: 15px !important;}&#8221;] Nowo\u015bci na blogu [\/vc_column_text][vc_basic_grid post_type=&#8221;post&#8221; max_items=&#8221;6&#8243; style=&#8221;load-more&#8221; items_per_page=&#8221;6&#8243; orderby=&#8221;title&#8221; order=&#8221;ASC&#8221; initial_loading_animation=&#8221;none&#8221; grid_id=&#8221;vc_gid:1623390498767-fb32a8befbaac0da56c48b40bf2ef392-8&#8243;][\/vc_column][\/vc_row][vc_row full_width=&#8221;stretch_row&#8221; css=&#8221;.vc_custom_1589934306687{padding-top: 0px !important;padding-bottom: 0px !important;}&#8221; el_class=&#8221;ipad-fullwidth&#8221;][vc_column width=&#8221;2\/3&#8243;][vc_column_text] Co s\u0142ycha\u0107? [\/vc_column_text][\/vc_column][vc_column width=&#8221;1\/3&#8243;][vc_column_text] Popularne artyku\u0142y [\/vc_column_text][\/vc_column][\/vc_row][vc_row][vc_column][vc_separator color=&#8221;custom&#8221;][vc_column_text] Odwied\u017a r\u00f3wnie\u017c [\/vc_column_text][vc_raw_html]JTVCcmV2X3NsaWRlciUyMGFsaWFzJTNEJTIyc2xpZGVyLTIlMjIlNUQlNUIlMkZyZXZfc2xpZGVyJTVE[\/vc_raw_html][\/vc_column]&#8230;<\/p>\n","protected":false},"author":1,"featured_media":0,"parent":0,"menu_order":0,"comment_status":"closed","ping_status":"closed","template":"","meta":[],"yoast_head":"<!-- This site is optimized with the Yoast SEO plugin v15.4 - https:\/\/yoast.com\/wordpress\/plugins\/seo\/ -->\n<title>Blog Vito&amp;Bella - Vito Team Blog<\/title>\n<meta name=\"description\" content=\"Blog Vito &amp; Bella to kompendium wiedzy o grze Minecraft oraz porady do gier i sklepu. Dowiedz si\u0119 jako pierwszy o nowo\u015bciach Vito&amp;Bella. Promocje!\" \/>\n<meta name=\"robots\" content=\"index, follow, max-snippet:-1, max-image-preview:large, max-video-preview:-1\" \/>\n<link rel=\"canonical\" href=\"http:\/\/vitoteam.pl\/\" \/>\n<meta property=\"og:locale\" content=\"pl_PL\" \/>\n<meta property=\"og:type\" content=\"article\" \/>\n<meta property=\"og:title\" content=\"Blog Vito&amp;Bella - Vito Team Blog\" \/>\n<meta property=\"og:description\" content=\"Blog Vito &amp; Bella to kompendium wiedzy o grze Minecraft oraz porady do gier i sklepu. Dowiedz si\u0119 jako pierwszy o nowo\u015bciach Vito&amp;Bella. Promocje!\" \/>\n<meta property=\"og:url\" content=\"http:\/\/vitoteam.pl\/\" \/>\n<meta property=\"og:site_name\" content=\"Vito Team Blog\" \/>\n<meta property=\"article:modified_time\" content=\"2021-06-11T05:50:44+00:00\" \/>\n<meta name=\"twitter:card\" content=\"summary_large_image\" \/>\n<meta name=\"twitter:label1\" content=\"Written by\">\n\t<meta name=\"twitter:data1\" content=\"admin\">\n\t<meta name=\"twitter:label2\" content=\"Est. reading time\">\n\t<meta name=\"twitter:data2\" content=\"1 minuta\">\n<script type=\"application\/ld+json\" class=\"yoast-schema-graph\">{\"@context\":\"https:\/\/schema.org\",\"@graph\":[{\"@type\":\"WebSite\",\"@id\":\"https:\/\/vitoteam.pl\/#website\",\"url\":\"https:\/\/vitoteam.pl\/\",\"name\":\"Vito Team Blog\",\"description\":\"Wszystko o Vito &amp; Bella.\",\"potentialAction\":[{\"@type\":\"SearchAction\",\"target\":\"https:\/\/vitoteam.pl\/?s={search_term_string}\",\"query-input\":\"required name=search_term_string\"}],\"inLanguage\":\"pl-PL\"},{\"@type\":\"WebPage\",\"@id\":\"http:\/\/vitoteam.pl\/#webpage\",\"url\":\"http:\/\/vitoteam.pl\/\",\"name\":\"Blog Vito&Bella - Vito Team Blog\",\"isPartOf\":{\"@id\":\"https:\/\/vitoteam.pl\/#website\"},\"datePublished\":\"2019-09-16T09:04:18+00:00\",\"dateModified\":\"2021-06-11T05:50:44+00:00\",\"description\":\"Blog Vito & Bella to kompendium wiedzy o grze Minecraft oraz porady do gier i sklepu. Dowiedz si\\u0119 jako pierwszy o nowo\\u015bciach Vito&Bella. Promocje!\",\"inLanguage\":\"pl-PL\",\"potentialAction\":[{\"@type\":\"ReadAction\",\"target\":[\"http:\/\/vitoteam.pl\/\"]}]}]}<\/script>\n<!-- \/ Yoast SEO plugin. -->","_links":{"self":[{"href":"https:\/\/vitoteam.pl\/index.php\/wp-json\/wp\/v2\/pages\/2972"}],"collection":[{"href":"https:\/\/vitoteam.pl\/index.php\/wp-json\/wp\/v2\/pages"}],"about":[{"href":"https:\/\/vitoteam.pl\/index.php\/wp-json\/wp\/v2\/types\/page"}],"author":[{"embeddable":true,"href":"https:\/\/vitoteam.pl\/index.php\/wp-json\/wp\/v2\/users\/1"}],"replies":[{"embeddable":true,"href":"https:\/\/vitoteam.pl\/index.php\/wp-json\/wp\/v2\/comments?post=2972"}],"version-history":[{"count":4,"href":"https:\/\/vitoteam.pl\/index.php\/wp-json\/wp\/v2\/pages\/2972\/revisions"}],"predecessor-version":[{"id":4238,"href":"https:\/\/vitoteam.pl\/index.php\/wp-json\/wp\/v2\/pages\/2972\/revisions\/4238"}],"wp:attachment":[{"href":"https:\/\/vitoteam.pl\/index.php\/wp-json\/wp\/v2\/media?parent=2972"}],"curies":[{"name":"wp","href":"https:\/\/api.w.org\/{rel}","templated":true}]}}